
{"id":1195,"date":"2024-12-04T19:04:23","date_gmt":"2024-12-04T19:04:23","guid":{"rendered":"https:\/\/olympicconnect.org\/contactenos\/"},"modified":"2025-03-03T18:56:14","modified_gmt":"2025-03-03T18:56:14","slug":"contactenos","status":"publish","type":"page","link":"https:\/\/olympicconnect.org\/es\/contactenos\/","title":{"rendered":"Cont\u00e1ctanos"},"content":{"rendered":"\n[et_pb_section fb_built=\u00bb1&#8243; make_equal=\u00bbon\u00bb use_custom_gutter=\u00bbon\u00bb gutter_width=\u00bb1&#8243; specialty=\u00bbon\u00bb custom_padding_last_edited=\u00bbon|desktop\u00bb padding_bottom_2=\u00bb10px\u00bb padding_top_bottom_link_2=\u00bbfalse\u00bb padding_left_right_link_2=\u00bbfalse\u00bb module_class=\u00bbcontact-us-sec\u00bb _builder_version=\u00bb4.25.2&#8243; _module_preset=\u00bbdefault\u00bb width=\u00bb100%\u00bb max_width=\u00bb100%\u00bb inner_width=\u00bb100%\u00bb inner_max_width=\u00bb100%\u00bb custom_margin=\u00bb||100px||false|false\u00bb custom_padding=\u00bb50px|50px|50px|50px|false|false\u00bb custom_padding_tablet=\u00bb50px|50px|50px|50px|false|false\u00bb custom_padding_phone=\u00bb50px|50px|50px|50px|false|false\u00bb module_alignment_last_edited=\u00bboff|tablet\u00bb inner_module_alignment_tablet=\u00bbcenter\u00bb inner_module_alignment_last_edited=\u00bboff|tablet\u00bb global_colors_info=\u00bb{}\u00bb custom_css_main_element_last_edited=\u00bboff|desktop\u00bb custom_css_main_element_tablet=\u00bbalign-items:center !important;\u00bb custom_css_main_element_phone=\u00bbalign-items:center !important;\u00bb][et_pb_column type=\u00bb3_4&#8243; specialty_columns=\u00bb3&#8243; _builder_version=\u00bb4.16&#8243; custom_padding=\u00bb|||\u00bb global_colors_info=\u00bb{}\u00bb custom_padding__hover=\u00bb|||\u00bb][et_pb_row_inner _builder_version=\u00bb4.25.2&#8243; _module_preset=\u00bbdefault\u00bb global_colors_info=\u00bb{}\u00bb][et_pb_column_inner saved_specialty_column_type=\u00bb3_4&#8243; _builder_version=\u00bb4.25.2&#8243; _module_preset=\u00bbdefault\u00bb global_colors_info=\u00bb{}\u00bb][et_pb_text _builder_version=\u00bb4.25.2&#8243; _module_preset=\u00bbdefault\u00bb border_color_bottom=\u00bb#b8b0a0&#8243; global_colors_info=\u00bb{}\u00bb]<h1 style=\"text-align: center;\">P\u00f3ngase en contacto hoy<\/h1>[\/et_pb_text][\/et_pb_column_inner][\/et_pb_row_inner][et_pb_row_inner column_structure=\u00bb1_3,1_3,1_3&#8243; module_class=\u00bbcontact-us-3col\u00bb _builder_version=\u00bb4.25.2&#8243; _module_preset=\u00bbdefault\u00bb max_width=\u00bb90%\u00bb max_width_tablet=\u00bb100%\u00bb max_width_phone=\u00bb100%\u00bb max_width_last_edited=\u00bbon|desktop\u00bb custom_css_main_element=\u00bbalign-items:center;\u00bb border_width_right=\u00bb1px\u00bb border_color_right=\u00bb#dedede\u00bb border_width_right_tablet=\u00bb0px\u00bb border_width_right_phone=\u00bb0px\u00bb border_width_right_last_edited=\u00bbon|desktop\u00bb global_colors_info=\u00bb{}\u00bb custom_css_main_element_last_edited=\u00bbon|desktop\u00bb custom_css_main_element_tablet=\u00bbalign-content:center;\u00bb custom_css_main_element_phone=\u00bbalign-content:center;\u00bb][et_pb_column_inner type=\u00bb1_3&#8243; saved_specialty_column_type=\u00bb3_4&#8243; _builder_version=\u00bb4.25.2&#8243; _module_preset=\u00bbdefault\u00bb global_colors_info=\u00bb{}\u00bb][et_pb_image src=\u00bbhttps:\/\/olympicconnect.org\/wp-content\/uploads\/2024\/11\/och-green-rock.png\u00bb title_text=\u00bboch-green-rock\u00bb show_bottom_space=\u00bboff\u00bb align=\u00bbright\u00bb _builder_version=\u00bb4.25.2&#8243; _module_preset=\u00bbdefault\u00bb max_width=\u00bb100px\u00bb max_width_tablet=\u00bb100px\u00bb max_width_phone=\u00bb100px\u00bb max_width_last_edited=\u00bbon|tablet\u00bb custom_margin=\u00bb|-20px|||false|false\u00bb custom_padding=\u00bb||||false|false\u00bb custom_padding_tablet=\u00bb||0px||false|false\u00bb custom_padding_phone=\u00bb||0px||false|false\u00bb custom_padding_last_edited=\u00bboff|desktop\u00bb animation_style=\u00bbroll\u00bb animation_duration=\u00bb1500ms\u00bb animation_intensity_roll=\u00bb20%\u00bb hover_transition_duration=\u00bb800ms\u00bb hover_transition_speed_curve=\u00bbease-in-out\u00bb global_colors_info=\u00bb{}\u00bb transform_styles__hover_enabled=\u00bboff|desktop\u00bb transform_scale__hover_enabled=\u00bboff|desktop\u00bb transform_translate__hover_enabled=\u00bboff|desktop\u00bb transform_rotate__hover_enabled=\u00bboff|desktop\u00bb transform_skew__hover_enabled=\u00bboff|desktop\u00bb transform_origin__hover_enabled=\u00bboff|desktop\u00bb transform_scale__hover=\u00bb90%|90%\u00bb][\/et_pb_image][et_pb_image src=\u00bbhttps:\/\/olympicconnect.org\/wp-content\/uploads\/2024\/11\/test-rock-1.png\u00bb title_text=\u00bbtest-rock-1&#8243; show_bottom_space=\u00bboff\u00bb align=\u00bbcenter\u00bb _builder_version=\u00bb4.25.2&#8243; _module_preset=\u00bbdefault\u00bb max_width=\u00bb150px\u00bb max_width_tablet=\u00bb50px\u00bb max_width_phone=\u00bb50px\u00bb max_width_last_edited=\u00bbon|tablet\u00bb custom_margin=\u00bb||||false|false\u00bb custom_margin_tablet=\u00bb||0px||false|false\u00bb custom_margin_phone=\u00bb||0px||false|false\u00bb custom_margin_last_edited=\u00bboff|desktop\u00bb animation_style=\u00bbroll\u00bb animation_duration=\u00bb1800ms\u00bb animation_delay=\u00bb5ms\u00bb animation_intensity_roll=\u00bb24%\u00bb hover_transition_duration=\u00bb900ms\u00bb hover_transition_speed_curve=\u00bbease-in-out\u00bb global_colors_info=\u00bb{}\u00bb transform_styles__hover_enabled=\u00bboff|desktop\u00bb transform_scale__hover_enabled=\u00bboff|desktop\u00bb transform_translate__hover_enabled=\u00bboff|desktop\u00bb transform_rotate__hover_enabled=\u00bboff|desktop\u00bb transform_skew__hover_enabled=\u00bboff|desktop\u00bb transform_origin__hover_enabled=\u00bboff|desktop\u00bb transform_translate__hover=\u00bb-50px|-8px\u00bb transform_rotate__hover=\u00bb0deg|0deg|19deg\u00bb][\/et_pb_image][et_pb_image src=\u00bbhttps:\/\/olympicconnect.org\/wp-content\/uploads\/2024\/11\/och-blue-rock.png\u00bb title_text=\u00bboch-blue-rock\u00bb show_bottom_space=\u00bboff\u00bb align=\u00bbcenter\u00bb _builder_version=\u00bb4.25.2&#8243; _module_preset=\u00bbdefault\u00bb max_width=\u00bb100px\u00bb max_width_tablet=\u00bb50px\u00bb max_width_phone=\u00bb50px\u00bb max_width_last_edited=\u00bbon|tablet\u00bb custom_margin=\u00bb|0px|||false|false\u00bb custom_margin_tablet=\u00bb||0px||false|false\u00bb custom_margin_phone=\u00bb||0px||false|false\u00bb custom_margin_last_edited=\u00bboff|desktop\u00bb animation_style=\u00bbroll\u00bb animation_direction=\u00bbright\u00bb animation_duration=\u00bb1400ms\u00bb animation_delay=\u00bb10ms\u00bb animation_intensity_roll=\u00bb30%\u00bb global_colors_info=\u00bb{}\u00bb][\/et_pb_image][et_pb_image src=\u00bbhttps:\/\/olympicconnect.org\/wp-content\/uploads\/2024\/11\/och-darkgreen-rock.png\u00bb title_text=\u00bboch-darkgreen-rock\u00bb show_bottom_space=\u00bboff\u00bb align=\u00bbright\u00bb _builder_version=\u00bb4.25.2&#8243; _module_preset=\u00bbdefault\u00bb max_width=\u00bb125px\u00bb max_width_tablet=\u00bb50px\u00bb max_width_phone=\u00bb50px\u00bb max_width_last_edited=\u00bbon|desktop\u00bb custom_margin=\u00bb50px|-20px|||false|false\u00bb custom_margin_tablet=\u00bb||0px||false|false\u00bb custom_margin_phone=\u00bb||0px||false|false\u00bb custom_margin_last_edited=\u00bboff|desktop\u00bb animation_style=\u00bbslide\u00bb animation_direction=\u00bbright\u00bb animation_duration=\u00bb1600ms\u00bb animation_delay=\u00bb400ms\u00bb global_colors_info=\u00bb{}\u00bb][\/et_pb_image][\/et_pb_column_inner][et_pb_column_inner type=\u00bb1_3&#8243; saved_specialty_column_type=\u00bb3_4&#8243; _builder_version=\u00bb4.25.2&#8243; _module_preset=\u00bbdefault\u00bb custom_padding=\u00bb25px||||false|false\u00bb global_colors_info=\u00bb{}\u00bb][et_pb_image src=\u00bbhttps:\/\/olympicconnect.org\/wp-content\/uploads\/2024\/12\/och-gold-rock.png\u00bb title_text=\u00bboch-gold-rock\u00bb show_bottom_space=\u00bboff\u00bb align=\u00bbcenter\u00bb disabled_on=\u00bbon|on|off\u00bb _builder_version=\u00bb4.25.2&#8243; _module_preset=\u00bbdefault\u00bb max_width=\u00bb50px\u00bb max_width_tablet=\u00bb50px\u00bb max_width_phone=\u00bb50px\u00bb max_width_last_edited=\u00bbon|desktop\u00bb custom_margin=\u00bb||||false|false\u00bb custom_margin_tablet=\u00bb||0px||false|false\u00bb custom_margin_phone=\u00bb||0px||false|false\u00bb custom_margin_last_edited=\u00bboff|desktop\u00bb animation_style=\u00bbslide\u00bb animation_direction=\u00bbright\u00bb animation_duration=\u00bb1600ms\u00bb animation_delay=\u00bb400ms\u00bb global_colors_info=\u00bb{}\u00bb][\/et_pb_image][et_pb_text _builder_version=\u00bb4.25.2&#8243; _module_preset=\u00bbdefault\u00bb custom_margin=\u00bb50px||||false|false\u00bb custom_padding=\u00bb25px||||false|false\u00bb border_width_top=\u00bb6px\u00bb border_color_top=\u00bb#b8b0a0&#8243; locked=\u00bboff\u00bb global_colors_info=\u00bb{}\u00bb]<h3 style=\"text-align: center;\">Solicitud en l\u00ednea.<\/h3>\n<p style=\"text-align: center;\">Todos pueden acceder a Olympic Connect, independientemente de su seguro o condici\u00f3n de Medicaid. La conexi\u00f3n con un ayudante de confianza de Olympic connect es gratuita, pero algunos servicios pueden tener un costo. Su ayudante de confianza lo ayudar\u00e1 a planificar y sortear los gastos.<\/p>[\/et_pb_text][et_pb_button button_url=\u00bbhttps:\/\/share.hsforms.com\/15hk4wVoyTre3bMrE98QClA3t4uo\u00bb url_new_window=\u00bbon\u00bb button_text=\u00bbIr al formulario de solicitud\u00bb button_alignment=\u00bbcenter\u00bb _builder_version=\u00bb4.25.2&#8243; _module_preset=\u00bbdefault\u00bb custom_margin=\u00bb25px||25px||false|false\u00bb locked=\u00bboff\u00bb global_colors_info=\u00bb{}\u00bb][\/et_pb_button][et_pb_image src=\u00bbhttps:\/\/olympicconnect.org\/wp-content\/uploads\/2024\/11\/och-blue-rock.png\u00bb title_text=\u00bboch-blue-rock\u00bb show_bottom_space=\u00bboff\u00bb align=\u00bbcenter\u00bb disabled_on=\u00bbon|on|off\u00bb _builder_version=\u00bb4.25.2&#8243; _module_preset=\u00bbdefault\u00bb max_width=\u00bb50px\u00bb max_width_tablet=\u00bb50px\u00bb max_width_phone=\u00bb50px\u00bb max_width_last_edited=\u00bbon|desktop\u00bb custom_margin=\u00bb||||false|false\u00bb custom_margin_tablet=\u00bb||0px||false|false\u00bb custom_margin_phone=\u00bb||0px||false|false\u00bb custom_margin_last_edited=\u00bboff|desktop\u00bb custom_padding=\u00bb15px||||false|false\u00bb animation_style=\u00bbslide\u00bb animation_direction=\u00bbright\u00bb animation_duration=\u00bb1600ms\u00bb animation_delay=\u00bb400ms\u00bb global_colors_info=\u00bb{}\u00bb][\/et_pb_image][\/et_pb_column_inner][et_pb_column_inner type=\u00bb1_3&#8243; saved_specialty_column_type=\u00bb3_4&#8243; _builder_version=\u00bb4.25.2&#8243; _module_preset=\u00bbdefault\u00bb global_colors_info=\u00bb{}\u00bb][et_pb_image src=\u00bbhttps:\/\/olympicconnect.org\/wp-content\/uploads\/2024\/11\/och-grey-rock.png\u00bb title_text=\u00bboch-grey-rock\u00bb show_bottom_space=\u00bboff\u00bb _builder_version=\u00bb4.25.2&#8243; _module_preset=\u00bbdefault\u00bb max_width=\u00bb100px\u00bb max_width_tablet=\u00bb50px\u00bb max_width_phone=\u00bb\u00bb max_width_last_edited=\u00bbon|desktop\u00bb custom_margin=\u00bb|||-50px|false|false\u00bb custom_padding=\u00bb||||false|false\u00bb custom_padding_tablet=\u00bb||0px||false|false\u00bb custom_padding_phone=\u00bb||0px||false|false\u00bb custom_padding_last_edited=\u00bboff|desktop\u00bb animation_style=\u00bbfade\u00bb animation_duration=\u00bb1500ms\u00bb hover_transition_duration=\u00bb1000ms\u00bb hover_transition_speed_curve=\u00bbease-in-out\u00bb global_colors_info=\u00bb{}\u00bb transform_translate__hover_enabled=\u00bboff|desktop\u00bb transform_rotate__hover_enabled=\u00bboff|desktop\u00bb transform_skew__hover_enabled=\u00bboff|desktop\u00bb transform_origin__hover_enabled=\u00bboff|desktop\u00bb transform_rotate__hover=\u00bb0deg|0deg|18deg\u00bb][\/et_pb_image][et_pb_image src=\u00bbhttps:\/\/olympicconnect.org\/wp-content\/uploads\/2024\/11\/test-rock-1.png\u00bb title_text=\u00bbtest-rock-1&#8243; show_bottom_space=\u00bboff\u00bb align=\u00bbcenter\u00bb _builder_version=\u00bb4.25.2&#8243; _module_preset=\u00bbdefault\u00bb max_width=\u00bb150px\u00bb max_width_tablet=\u00bb50px\u00bb max_width_phone=\u00bb50px\u00bb max_width_last_edited=\u00bbon|desktop\u00bb custom_margin=\u00bb-50px||||false|false\u00bb custom_padding=\u00bb||||false|false\u00bb custom_padding_tablet=\u00bb||0px||false|false\u00bb custom_padding_phone=\u00bb||0px||false|false\u00bb custom_padding_last_edited=\u00bboff|desktop\u00bb animation_style=\u00bbfold\u00bb animation_duration=\u00bb1500ms\u00bb animation_delay=\u00bb5ms\u00bb hover_transition_duration=\u00bb900ms\u00bb hover_transition_speed_curve=\u00bbease-in-out\u00bb global_colors_info=\u00bb{}\u00bb transform_translate__hover_enabled=\u00bboff|desktop\u00bb transform_rotate__hover_enabled=\u00bboff|desktop\u00bb transform_skew__hover_enabled=\u00bboff|desktop\u00bb transform_origin__hover_enabled=\u00bboff|desktop\u00bb][\/et_pb_image][et_pb_image src=\u00bbhttps:\/\/olympicconnect.org\/wp-content\/uploads\/2024\/11\/och-blue-rock.png\u00bb title_text=\u00bboch-blue-rock\u00bb show_bottom_space=\u00bboff\u00bb _builder_version=\u00bb4.25.2&#8243; _module_preset=\u00bbdefault\u00bb max_width=\u00bb100px\u00bb max_width_tablet=\u00bb50px\u00bb max_width_phone=\u00bb50px\u00bb max_width_last_edited=\u00bbon|tablet\u00bb custom_margin=\u00bb50px||||false|false\u00bb custom_margin_tablet=\u00bb||0px||false|false\u00bb custom_margin_phone=\u00bb||0px||false|false\u00bb custom_margin_last_edited=\u00bboff|desktop\u00bb animation_style=\u00bbzoom\u00bb animation_direction=\u00bbright\u00bb animation_duration=\u00bb1400ms\u00bb animation_delay=\u00bb10ms\u00bb hover_transition_duration=\u00bb900ms\u00bb hover_transition_speed_curve=\u00bbease-in-out\u00bb global_colors_info=\u00bb{}\u00bb transform_translate__hover_enabled=\u00bboff|desktop\u00bb transform_rotate__hover_enabled=\u00bboff|desktop\u00bb transform_skew__hover_enabled=\u00bboff|desktop\u00bb transform_origin__hover_enabled=\u00bboff|desktop\u00bb transform_translate__hover=\u00bb-63px|-11px\u00bb][\/et_pb_image][et_pb_image src=\u00bbhttps:\/\/olympicconnect.org\/wp-content\/uploads\/2024\/11\/och-darkgreen-rock.png\u00bb title_text=\u00bboch-darkgreen-rock\u00bb show_bottom_space=\u00bboff\u00bb _builder_version=\u00bb4.25.2&#8243; _module_preset=\u00bbdefault\u00bb max_width=\u00bb100px\u00bb max_width_tablet=\u00bb75px\u00bb max_width_phone=\u00bb75px\u00bb max_width_last_edited=\u00bbon|desktop\u00bb custom_margin=\u00bb50px||||false|false\u00bb custom_padding=\u00bb||||false|false\u00bb custom_padding_tablet=\u00bb||0px||false|false\u00bb custom_padding_phone=\u00bb||0px||false|false\u00bb custom_padding_last_edited=\u00bboff|desktop\u00bb animation_style=\u00bbroll\u00bb animation_duration=\u00bb1500ms\u00bb animation_delay=\u00bb500ms\u00bb animation_intensity_roll=\u00bb20%\u00bb hover_transition_duration=\u00bb1900ms\u00bb hover_transition_speed_curve=\u00bbease-in-out\u00bb global_colors_info=\u00bb{}\u00bb transform_scale__hover_enabled=\u00bboff|desktop\u00bb transform_translate__hover_enabled=\u00bboff|desktop\u00bb transform_skew__hover_enabled=\u00bboff|desktop\u00bb transform_origin__hover_enabled=\u00bboff|desktop\u00bb][\/et_pb_image][\/et_pb_column_inner][\/et_pb_row_inner][\/et_pb_column][et_pb_column type=\u00bb1_4&#8243; _builder_version=\u00bb4.16&#8243; custom_padding=\u00bb|||\u00bb global_colors_info=\u00bb{}\u00bb custom_padding__hover=\u00bb|||\u00bb][et_pb_text _builder_version=\u00bb4.25.2&#8243; _module_preset=\u00bbdefault\u00bb custom_margin=\u00bb||15px||false|false\u00bb global_colors_info=\u00bb{}\u00bb]<h5>Env\u00edanos un correo electr\u00f3nico<\/h5>\n<p><a href=\"mailto:Connect@OlympicCH.org\">Connect@OlympicCH.org<\/a><\/p>[\/et_pb_text][et_pb_text _builder_version=\u00bb4.25.2&#8243; _module_preset=\u00bbdefault\u00bb custom_margin=\u00bb||15px||false|false\u00bb global_colors_info=\u00bb{}\u00bb]<h5>Ll\u00e1manos<\/h5>\n<p>Ponte en contacto con nosotros por tel\u00e9fono<\/p>\n<h5><a href=\"tel:3603018252\">360.301.8252<\/a><\/h5>[\/et_pb_text][et_pb_text _builder_version=\u00bb4.25.2&#8243; _module_preset=\u00bbdefault\u00bb custom_margin=\u00bb15px||||false|false\u00bb global_colors_info=\u00bb{}\u00bb disabled_on=\u00bbon|on|on\u00bb disabled=\u00bbon\u00bb]<h5>Follow us<\/h5>[\/et_pb_text][et_pb_image src=\u00bbhttps:\/\/olympicconnect.org\/wp-content\/uploads\/2024\/12\/Facebook-gray.svg\u00bb title_text=\u00bbFacebook-gray\u00bb _builder_version=\u00bb4.25.2&#8243; _module_preset=\u00bbdefault\u00bb max_width=\u00bb125px\u00bb custom_margin=\u00bb|20px|||false|false\u00bb custom_css_main_element=\u00bbdisplay:inline-block;\u00bb global_colors_info=\u00bb{}\u00bb disabled_on=\u00bbon|on|on\u00bb disabled=\u00bbon\u00bb][\/et_pb_image][et_pb_image src=\u00bbhttps:\/\/olympicconnect.org\/wp-content\/uploads\/2024\/12\/Instagram-gray.svg\u00bb title_text=\u00bbInstagram-gray\u00bb _builder_version=\u00bb4.25.2&#8243; _module_preset=\u00bbdefault\u00bb max_width=\u00bb125px\u00bb custom_margin=\u00bb|20px|||false|false\u00bb custom_css_main_element=\u00bbdisplay:inline-block;\u00bb global_colors_info=\u00bb{}\u00bb disabled_on=\u00bbon|on|on\u00bb disabled=\u00bbon\u00bb][\/et_pb_image][et_pb_text _builder_version=\u00bb4.25.2&#8243; _module_preset=\u00bbdefault\u00bb custom_margin=\u00bb15px||15px||false|false\u00bb global_colors_info=\u00bb{}\u00bb]<h5>Con\u00f3cenos<\/h5>\n<p>\u00a1Puedes ponerte en contacto con un ayudante de confianza en uno de nuestros eventos!<\/p>[\/et_pb_text][et_pb_button button_text=\u00bbFind events\u00bb disabled_on=\u00bbon|on|on\u00bb _builder_version=\u00bb4.25.2&#8243; _module_preset=\u00bb8f340b98-8ee5-42b9-8715-fb23e0937232&#8243; custom_margin=\u00bb25px||25px||true|false\u00bb disabled=\u00bbon\u00bb global_colors_info=\u00bb{}\u00bb][\/et_pb_button][\/et_pb_column][\/et_pb_section]\n","protected":false},"excerpt":{"rendered":"<p>P\u00f3ngase en contacto hoySolicitud en l\u00ednea. Todos pueden acceder a Olympic Connect, independientemente de su seguro o condici\u00f3n de Medicaid. La conexi\u00f3n con un ayudante de confianza de Olympic connect es gratuita, pero algunos servicios pueden tener un costo. Su ayudante de confianza lo ayudar\u00e1 a planificar y sortear los gastos.Env\u00edanos un correo electr\u00f3nico Connect@OlympicCH.orgLl\u00e1manos Ponte en contacto con nosotros por tel\u00e9fono 360.301.8252Follow usCon\u00f3cenos \u00a1Puedes ponerte en contacto con un ayudante de confianza en uno de nuestros eventos!<\/p>\n","protected":false},"author":3,"featured_media":0,"parent":0,"menu_order":0,"comment_status":"closed","ping_status":"closed","template":"","meta":{"_et_pb_use_builder":"on","_et_pb_old_content":"","_et_gb_content_width":"","_price":"","_stock":"","_tribe_ticket_header":"","_tribe_default_ticket_provider":"","_tribe_ticket_capacity":"0","_ticket_start_date":"","_ticket_end_date":"","_tribe_ticket_show_description":"","_tribe_ticket_show_not_going":false,"_tribe_ticket_use_global_stock":"","_tribe_ticket_global_stock_level":"","_global_stock_mode":"","_global_stock_cap":"","_tribe_rsvp_for_event":"","_tribe_ticket_going_count":"","_tribe_ticket_not_going_count":"","_tribe_tickets_list":"[]","_tribe_ticket_has_attendee_info_fields":false,"footnotes":"","_tec_slr_enabled":"","_tec_slr_layout":""},"class_list":["post-1195","page","type-page","status-publish","hentry"],"ticketed":false,"_links":{"self":[{"href":"https:\/\/olympicconnect.org\/es\/wp-json\/wp\/v2\/pages\/1195","targetHints":{"allow":["GET"]}}],"collection":[{"href":"https:\/\/olympicconnect.org\/es\/wp-json\/wp\/v2\/pages"}],"about":[{"href":"https:\/\/olympicconnect.org\/es\/wp-json\/wp\/v2\/types\/page"}],"author":[{"embeddable":true,"href":"https:\/\/olympicconnect.org\/es\/wp-json\/wp\/v2\/users\/3"}],"replies":[{"embeddable":true,"href":"https:\/\/olympicconnect.org\/es\/wp-json\/wp\/v2\/comments?post=1195"}],"version-history":[{"count":5,"href":"https:\/\/olympicconnect.org\/es\/wp-json\/wp\/v2\/pages\/1195\/revisions"}],"predecessor-version":[{"id":1473,"href":"https:\/\/olympicconnect.org\/es\/wp-json\/wp\/v2\/pages\/1195\/revisions\/1473"}],"wp:attachment":[{"href":"https:\/\/olympicconnect.org\/es\/wp-json\/wp\/v2\/media?parent=1195"}],"curies":[{"name":"wp","href":"https:\/\/api.w.org\/{rel}","templated":true}]}}